{"id":622,"date":"2023-12-01T03:46:06","date_gmt":"2023-12-01T03:46:06","guid":{"rendered":"https:\/\/dfm-iot.com\/?page_id=622"},"modified":"2024-08-01T07:11:47","modified_gmt":"2024-08-01T07:11:47","slug":"strategie-s2-une-solution-globale","status":"publish","type":"page","link":"https:\/\/dfm-iot.com\/index.php\/strategie-s2-une-solution-globale\/","title":{"rendered":"Strat\u00e9gie S2 : une solution globale"},"content":{"rendered":"\t\t<div data-elementor-type=\"wp-page\" data-elementor-id=\"622\" class=\"elementor elementor-622\" data-elementor-post-type=\"page\">\n\t\t\t\t<div class=\"elementor-element elementor-element-0a1ec39 notranslate e-flex e-con-boxed elementor-invisible e-con e-parent\" data-id=\"0a1ec39\" data-element_type=\"container\" data-settings=\"{&quot;jet_parallax_layout_list&quot;:[],&quot;animation&quot;:&quot;fadeInUp&quot;}\">\n\t\t\t\t\t<div class=\"e-con-inner\">\n\t\t\t\t<div class=\"elementor-element elementor-element-ac19daf elementor-widget__width-initial elementor-widget elementor-widget-spacer\" data-id=\"ac19daf\" data-element_type=\"widget\" data-widget_type=\"spacer.default\">\n\t\t\t\t<div class=\"elementor-widget-container\">\n\t\t\t<style>\/*! elementor - v3.23.0 - 15-07-2024 *\/\n.elementor-column .elementor-spacer-inner{height:var(--spacer-size)}.e-con{--container-widget-width:100%}.e-con-inner>.elementor-widget-spacer,.e-con>.elementor-widget-spacer{width:var(--container-widget-width,var(--spacer-size));--align-self:var(--container-widget-align-self,initial);--flex-shrink:0}.e-con-inner>.elementor-widget-spacer>.elementor-widget-container,.e-con>.elementor-widget-spacer>.elementor-widget-container{height:100%;width:100%}.e-con-inner>.elementor-widget-spacer>.elementor-widget-container>.elementor-spacer,.e-con>.elementor-widget-spacer>.elementor-widget-container>.elementor-spacer{height:100%}.e-con-inner>.elementor-widget-spacer>.elementor-widget-container>.elementor-spacer>.elementor-spacer-inner,.e-con>.elementor-widget-spacer>.elementor-widget-container>.elementor-spacer>.elementor-spacer-inner{height:var(--container-widget-height,var(--spacer-size))}.e-con-inner>.elementor-widget-spacer.elementor-widget-empty,.e-con>.elementor-widget-spacer.elementor-widget-empty{position:relative;min-height:22px;min-width:22px}.e-con-inner>.elementor-widget-spacer.elementor-widget-empty .elementor-widget-empty-icon,.e-con>.elementor-widget-spacer.elementor-widget-empty .elementor-widget-empty-icon{position:absolute;top:0;bottom:0;left:0;right:0;margin:auto;padding:0;width:22px;height:22px}<\/style>\t\t<div class=\"elementor-spacer\">\n\t\t\t<div class=\"elementor-spacer-inner\"><\/div>\n\t\t<\/div>\n\t\t\t\t<\/div>\n\t\t\t\t<\/div>\n\t\t\t\t<div class=\"elementor-element elementor-element-b8fcb83 elementor-widget-mobile__width-initial area-lang-fr elementor-widget elementor-widget-heading\" data-id=\"b8fcb83\" data-element_type=\"widget\" data-widget_type=\"heading.default\">\n\t\t\t\t<div class=\"elementor-widget-container\">\n\t\t\t<style>\/*! elementor - v3.23.0 - 15-07-2024 *\/\n.elementor-heading-title{padding:0;margin:0;line-height:1}.elementor-widget-heading .elementor-heading-title[class*=elementor-size-]>a{color:inherit;font-size:inherit;line-height:inherit}.elementor-widget-heading .elementor-heading-title.elementor-size-small{font-size:15px}.elementor-widget-heading .elementor-heading-title.elementor-size-medium{font-size:19px}.elementor-widget-heading .elementor-heading-title.elementor-size-large{font-size:29px}.elementor-widget-heading .elementor-heading-title.elementor-size-xl{font-size:39px}.elementor-widget-heading .elementor-heading-title.elementor-size-xxl{font-size:59px}<\/style><p class=\"elementor-heading-title elementor-size-default\">Une compl\u00e8te prise<\/p>\t\t<\/div>\n\t\t\t\t<\/div>\n\t\t\t\t<div class=\"elementor-element elementor-element-780f37b elementor-widget-mobile__width-initial area-lang-vi elementor-widget elementor-widget-heading\" data-id=\"780f37b\" data-element_type=\"widget\" data-widget_type=\"heading.default\">\n\t\t\t\t<div class=\"elementor-widget-container\">\n\t\t\t<p class=\"elementor-heading-title elementor-size-default\">S\u1ef0 H\u1ed6 TR\u1ee2 TO\u00c0N DI\u1ec6N<\/p>\t\t<\/div>\n\t\t\t\t<\/div>\n\t\t\t\t<div class=\"elementor-element elementor-element-f793223 elementor-widget-mobile__width-initial area-lang-fr elementor-widget elementor-widget-heading\" data-id=\"f793223\" data-element_type=\"widget\" data-widget_type=\"heading.default\">\n\t\t\t\t<div class=\"elementor-widget-container\">\n\t\t\t<p class=\"elementor-heading-title elementor-size-default\"> en charge\nde votre solution IoT<\/p>\t\t<\/div>\n\t\t\t\t<\/div>\n\t\t\t\t<div class=\"elementor-element elementor-element-b0e70e2 elementor-widget-mobile__width-initial area-lang-vi elementor-widget elementor-widget-heading\" data-id=\"b0e70e2\" data-element_type=\"widget\" data-widget_type=\"heading.default\">\n\t\t\t\t<div class=\"elementor-widget-container\">\n\t\t\t<p class=\"elementor-heading-title elementor-size-default\">CHO GI\u1ea2I PH\u00c1P IOT C\u1ee6A B\u1ea0N<\/p>\t\t<\/div>\n\t\t\t\t<\/div>\n\t\t\t\t\t<\/div>\n\t\t\t\t<\/div>\n\t\t<div class=\"elementor-element elementor-element-484dde8 notranslate e-flex e-con-boxed e-con e-parent\" data-id=\"484dde8\" data-element_type=\"container\" data-settings=\"{&quot;jet_parallax_layout_list&quot;:[]}\">\n\t\t\t\t\t<div class=\"e-con-inner\">\n\t\t<div class=\"elementor-element elementor-element-2535fb7 e-con-full area-lang-fr e-flex elementor-invisible e-con e-child\" data-id=\"2535fb7\" data-element_type=\"container\" data-settings=\"{&quot;jet_parallax_layout_list&quot;:[],&quot;animation&quot;:&quot;fadeInLeft&quot;,&quot;animation_mobile&quot;:&quot;fadeInUp&quot;}\">\n\t\t\t\t<div class=\"elementor-element elementor-element-055cc83 elementor-widget elementor-widget-text-editor\" data-id=\"055cc83\" data-element_type=\"widget\" data-widget_type=\"text-editor.default\">\n\t\t\t\t<div class=\"elementor-widget-container\">\n\t\t\t<style>\/*! elementor - v3.23.0 - 15-07-2024 *\/\n.elementor-widget-text-editor.elementor-drop-cap-view-stacked .elementor-drop-cap{background-color:#69727d;color:#fff}.elementor-widget-text-editor.elementor-drop-cap-view-framed .elementor-drop-cap{color:#69727d;border:3px solid;background-color:transparent}.elementor-widget-text-editor:not(.elementor-drop-cap-view-default) .elementor-drop-cap{margin-top:8px}.elementor-widget-text-editor:not(.elementor-drop-cap-view-default) .elementor-drop-cap-letter{width:1em;height:1em}.elementor-widget-text-editor .elementor-drop-cap{float:left;text-align:center;line-height:1;font-size:50px}.elementor-widget-text-editor .elementor-drop-cap-letter{display:inline-block}<\/style>\t\t\t\t<p><strong>Un projet IoT<\/strong> ne se limite pas \u00e0 la conception et \u00e0 la cr\u00e9ation d\u2019un produit.<\/p><p>Apr\u00e8s l\u2019industrialisation, puis le d\u00e9ploiement des \u00e9quipements sur le terrain, commence la phase d\u2019exploitation, qui va perdurer tout au long du cycle de vie du projet.<\/p><p>Selon la nature du projet, cette phase d\u2019exploitation va prendre en compte :<\/p><ul><li>La gestion du parc de capteurs IoT,<\/li><li>La t\u00e9l\u00e9-action et la modification des param\u00e8tres des capteurs,<\/li><li>La visibilit\u00e9 et la supervision du r\u00e9seau,<\/li><li>La remont\u00e9e et le traitement des alertes,<\/li><\/ul>\t\t\t\t\t\t<\/div>\n\t\t\t\t<\/div>\n\t\t\t\t<\/div>\n\t\t<div class=\"elementor-element elementor-element-5b79d53 e-con-full area-lang-vi e-flex elementor-invisible e-con e-child\" data-id=\"5b79d53\" data-element_type=\"container\" data-settings=\"{&quot;jet_parallax_layout_list&quot;:[],&quot;animation&quot;:&quot;fadeInLeft&quot;,&quot;animation_mobile&quot;:&quot;fadeInUp&quot;}\">\n\t\t\t\t<div class=\"elementor-element elementor-element-0f55a04 elementor-widget elementor-widget-text-editor\" data-id=\"0f55a04\" data-element_type=\"widget\" data-widget_type=\"text-editor.default\">\n\t\t\t\t<div class=\"elementor-widget-container\">\n\t\t\t\t\t\t\t<p><strong>M\u1ed9t d\u1ef1 \u00e1n IoT<\/strong> kh\u00f4ng ch\u1ec9 gi\u1edbi h\u1ea1n \u1edf vi\u1ec7c thi\u1ebft k\u1ebf v\u00e0 t\u1ea1o ra m\u1ed9t s\u1ea3n ph\u1ea9m.<\/p><p>Sau khi b\u1eaft \u0111\u1ea7u qu\u00e1 tr\u00ecnh c\u00f4ng nghi\u1ec7p h\u00f3a v\u00e0 thi\u1ebft b\u1ecb \u0111\u01b0\u1ee3c tri\u1ec3n khai tr\u00ean th\u1ef1c \u0111\u1ecba, giai \u0111o\u1ea1n khai th\u00e1c s\u1ebd \u0111\u01b0\u1ee3c b\u1eaft \u0111\u1ea7u v\u00e0 k\u00e9o d\u00e0i su\u1ed1t v\u00f2ng \u0111\u1eddi c\u1ee7a d\u1ef1 \u00e1n.<\/p><p>T\u00f9y thu\u1ed9c v\u00e0o b\u1ea3n ch\u1ea5t c\u1ee7a d\u1ef1 \u00e1n, giai \u0111o\u1ea1n khai th\u00e1c n\u00e0y s\u1ebd bao g\u1ed3m :<\/p><ul><li>Qu\u1ea3n l\u00fd h\u1ec7 th\u1ed1ng c\u1ea3m bi\u1ebfn IoT,<\/li><li>\u0110i\u1ec1u khi\u1ec3n t\u1eeb xa v\u00e0 thay \u0111\u1ed5i c\u00e1c th\u00f4ng s\u1ed1 c\u1ee7a c\u1ea3m bi\u1ebfn,<\/li><li>Gi\u00e1m s\u00e1t v\u00e0 qu\u1ea3n l\u00fd m\u1ea1ng l\u01b0\u1edbi,<\/li><li>Thu th\u1eadp v\u00e0 x\u1eed l\u00fd c\u00e1c c\u1ea3nh b\u00e1o.<\/li><\/ul>\t\t\t\t\t\t<\/div>\n\t\t\t\t<\/div>\n\t\t\t\t<\/div>\n\t\t<div class=\"elementor-element elementor-element-72582c3 e-con-full e-flex e-con e-child\" data-id=\"72582c3\" data-element_type=\"container\" data-settings=\"{&quot;jet_parallax_layout_list&quot;:[],&quot;animation_mobile&quot;:&quot;fadeInUp&quot;}\">\n\t\t\t\t<div class=\"elementor-element elementor-element-431c473 elementor-widget elementor-widget-image\" data-id=\"431c473\" data-element_type=\"widget\" data-widget_type=\"image.default\">\n\t\t\t\t<div class=\"elementor-widget-container\">\n\t\t\t<style>\/*! elementor - v3.23.0 - 15-07-2024 *\/\n.elementor-widget-image{text-align:center}.elementor-widget-image a{display:inline-block}.elementor-widget-image a img[src$=\".svg\"]{width:48px}.elementor-widget-image img{vertical-align:middle;display:inline-block}<\/style>\t\t\t\t\t\t\t\t\t\t<img fetchpriority=\"high\" decoding=\"async\" width=\"515\" height=\"380\" src=\"https:\/\/dfm-iot.com\/wp-content\/uploads\/2023\/12\/calcul-1.png\" class=\"attachment-large size-large wp-image-2011\" alt=\"\" srcset=\"https:\/\/dfm-iot.com\/wp-content\/uploads\/2023\/12\/calcul-1.png 515w, https:\/\/dfm-iot.com\/wp-content\/uploads\/2023\/12\/calcul-1-300x221.png 300w, https:\/\/dfm-iot.com\/wp-content\/uploads\/2023\/12\/calcul-1-136x100.png 136w, https:\/\/dfm-iot.com\/wp-content\/uploads\/2023\/12\/calcul-1-108x80.png 108w, https:\/\/dfm-iot.com\/wp-content\/uploads\/2023\/12\/calcul-1-394x291.png 394w\" sizes=\"(max-width: 515px) 100vw, 515px\" \/>\t\t\t\t\t\t\t\t\t\t\t\t\t<\/div>\n\t\t\t\t<\/div>\n\t\t\t\t<\/div>\n\t\t\t\t\t<\/div>\n\t\t\t\t<\/div>\n\t\t<div class=\"elementor-element elementor-element-aa584e0 notranslate e-flex e-con-boxed e-con e-parent\" data-id=\"aa584e0\" data-element_type=\"container\" data-settings=\"{&quot;jet_parallax_layout_list&quot;:[]}\">\n\t\t\t\t\t<div class=\"e-con-inner\">\n\t\t<div class=\"elementor-element elementor-element-86ac01d e-con-full e-flex e-con e-child\" data-id=\"86ac01d\" data-element_type=\"container\" data-settings=\"{&quot;jet_parallax_layout_list&quot;:[]}\">\n\t\t\t\t<div class=\"elementor-element elementor-element-a5c448a elementor-widget elementor-widget-image\" data-id=\"a5c448a\" data-element_type=\"widget\" data-widget_type=\"image.default\">\n\t\t\t\t<div class=\"elementor-widget-container\">\n\t\t\t\t\t\t\t\t\t\t\t\t\t<img decoding=\"async\" width=\"778\" height=\"799\" src=\"https:\/\/dfm-iot.com\/wp-content\/uploads\/2024\/06\/Monitoring-de-chaines-de-production.png\" class=\"attachment-large size-large wp-image-3735\" alt=\"\" srcset=\"https:\/\/dfm-iot.com\/wp-content\/uploads\/2024\/06\/Monitoring-de-chaines-de-production.png 778w, https:\/\/dfm-iot.com\/wp-content\/uploads\/2024\/06\/Monitoring-de-chaines-de-production-292x300.png 292w, https:\/\/dfm-iot.com\/wp-content\/uploads\/2024\/06\/Monitoring-de-chaines-de-production-768x789.png 768w\" sizes=\"(max-width: 778px) 100vw, 778px\" \/>\t\t\t\t\t\t\t\t\t\t\t\t\t<\/div>\n\t\t\t\t<\/div>\n\t\t\t\t<\/div>\n\t\t<div class=\"elementor-element elementor-element-2432660 e-con-full e-flex e-con e-child\" data-id=\"2432660\" data-element_type=\"container\" data-settings=\"{&quot;jet_parallax_layout_list&quot;:[]}\">\n\t\t\t\t<div class=\"elementor-element elementor-element-df5c79e area-lang-fr elementor-widget elementor-widget-text-editor\" data-id=\"df5c79e\" data-element_type=\"widget\" data-widget_type=\"text-editor.default\">\n\t\t\t\t<div class=\"elementor-widget-container\">\n\t\t\t\t\t\t\t<p>Pour r\u00e9aliser cette mission, DFM propose et met en \u0153uvre, <span style=\"color: #000000;\"><a style=\"color: #000000;\" href=\"https:\/\/dfm-europe.com\/ifactory\/\" target=\"_blank\" rel=\"noopener\"><strong>2ifactory<\/strong><\/a><\/span>, sa plateforme d\u2019administration et de supervision des solutions IoT.<\/p><p>Le tableau de bord de <strong>2ifactory<\/strong> assure \u00e9galement un aper\u00e7u global de tous les indicateurs de performance de votre r\u00e9seau.<\/p><p>DFM est \u00e9galement en mesure de fournir toutes les informations des capteurs via des API, permettant ainsi l\u2019exploitation des donn\u00e9es sur d\u2019autres plateformes ou directement dans vos applications.<\/p>\t\t\t\t\t\t<\/div>\n\t\t\t\t<\/div>\n\t\t\t\t<div class=\"elementor-element elementor-element-48209d3 area-lang-vi elementor-widget elementor-widget-text-editor\" data-id=\"48209d3\" data-element_type=\"widget\" data-widget_type=\"text-editor.default\">\n\t\t\t\t<div class=\"elementor-widget-container\">\n\t\t\t\t\t\t\t<p>\u0110\u1ec3 th\u1ef1c hi\u1ec7n nhi\u1ec7m v\u1ee5 n\u00e0y, DFM \u0111\u1ec1 xu\u1ea5t v\u00e0 tri\u1ec3n khai<strong> 2ifactory<\/strong>, n\u1ec1n t\u1ea3ng qu\u1ea3n l\u00fd v\u00e0 gi\u00e1m s\u00e1t c\u00e1c gi\u1ea3i ph\u00e1p IoT c\u1ee7a m\u00ecnh.<\/p><p>B\u1ea3ng \u0111i\u1ec1u khi\u1ec3n c\u1ee7a <strong>2ifactory<\/strong> \u0111\u1ea3m b\u1ea3o cung c\u1ea5p c\u00e1i nh\u00ecn t\u1ed5ng quan v\u1ec1 t\u1ea5t c\u1ea3 c\u00e1c ch\u1ec9 s\u1ed1 hi\u1ec7u su\u1ea5t c\u1ee7a m\u1ea1ng l\u01b0\u1edbi IoT c\u1ee7a b\u1ea1n.<\/p><p>T\u00edch h\u1ee3p v\u00e0o c\u00e1c n\u1ec1n t\u1ea3ng s\u1eb5n c\u00f3 c\u1ee7a doanh nghi\u1ec7p :DFM c\u0169ng c\u00f3 kh\u1ea3 n\u0103ng cung c\u1ea5p t\u1ea5t c\u1ea3 th\u00f4ng tin c\u1ee7a c\u00e1c c\u1ea3m bi\u1ebfn th\u00f4ng qua c\u00e1c API, cho ph\u00e9p khai th\u00e1c d\u1eef li\u1ec7u tr\u00ean c\u00e1c n\u1ec1n t\u1ea3ng kh\u00e1c ho\u1eb7c tr\u1ef1c ti\u1ebfp trong c\u00e1c \u1ee9ng d\u1ee5ng c\u1ee7a b\u1ea1n.<\/p>\t\t\t\t\t\t<\/div>\n\t\t\t\t<\/div>\n\t\t\t\t<div class=\"elementor-element elementor-element-3ec6699 elementor-widget elementor-widget-image\" data-id=\"3ec6699\" data-element_type=\"widget\" data-widget_type=\"image.default\">\n\t\t\t\t<div class=\"elementor-widget-container\">\n\t\t\t\t\t\t\t\t\t\t\t\t\t<img decoding=\"async\" width=\"617\" height=\"398\" src=\"https:\/\/dfm-iot.com\/wp-content\/uploads\/2023\/12\/5g-communication-technology-wireless-internet-network-global-business-growth-2.png\" class=\"attachment-large size-large wp-image-628\" alt=\"\" srcset=\"https:\/\/dfm-iot.com\/wp-content\/uploads\/2023\/12\/5g-communication-technology-wireless-internet-network-global-business-growth-2.png 617w, https:\/\/dfm-iot.com\/wp-content\/uploads\/2023\/12\/5g-communication-technology-wireless-internet-network-global-business-growth-2-300x194.png 300w, https:\/\/dfm-iot.com\/wp-content\/uploads\/2023\/12\/5g-communication-technology-wireless-internet-network-global-business-growth-2-155x100.png 155w, https:\/\/dfm-iot.com\/wp-content\/uploads\/2023\/12\/5g-communication-technology-wireless-internet-network-global-business-growth-2-124x80.png 124w, https:\/\/dfm-iot.com\/wp-content\/uploads\/2023\/12\/5g-communication-technology-wireless-internet-network-global-business-growth-2-394x254.png 394w\" sizes=\"(max-width: 617px) 100vw, 617px\" \/>\t\t\t\t\t\t\t\t\t\t\t\t\t<\/div>\n\t\t\t\t<\/div>\n\t\t\t\t<\/div>\n\t\t\t\t\t<\/div>\n\t\t\t\t<\/div>\n\t\t\t\t<\/div>\n\t\t","protected":false},"excerpt":{"rendered":"<p>Une compl\u00e8te prise S\u1ef0 H\u1ed6 TR\u1ee2 TO\u00c0N DI\u1ec6N en charge de votre solution IoT CHO GI\u1ea2I PH\u00c1P IOT C\u1ee6A B\u1ea0N Un projet IoT ne se limite pas \u00e0 la conception et \u00e0 la cr\u00e9ation d\u2019un produit. Apr\u00e8s l\u2019industrialisation, puis le d\u00e9ploiement des \u00e9quipements sur le terrain, commence la phase d\u2019exploitation, qui va perdurer tout au [&hellip;]<\/p>\n","protected":false},"author":2,"featured_media":0,"parent":0,"menu_order":0,"comment_status":"closed","ping_status":"closed","template":"","meta":{"footnotes":""},"class_list":["post-622","page","type-page","status-publish","hentry"],"yoast_head":"<!-- This site is optimized with the Yoast SEO plugin v24.5 - https:\/\/yoast.com\/wordpress\/plugins\/seo\/ -->\n<title>Strat\u00e9gie S2 : une solution globale - DFM IOT<\/title>\n<meta name=\"robots\" content=\"index, follow, max-snippet:-1, max-image-preview:large, max-video-preview:-1\" \/>\n<link rel=\"canonical\" href=\"https:\/\/dfm-iot.com\/index.php\/strategie-s2-une-solution-globale\/\" \/>\n<meta property=\"og:locale\" content=\"en_US\" \/>\n<meta property=\"og:type\" content=\"article\" \/>\n<meta property=\"og:title\" content=\"Strat\u00e9gie S2 : une solution globale - DFM IOT\" \/>\n<meta property=\"og:description\" content=\"Une compl\u00e8te prise S\u1ef0 H\u1ed6 TR\u1ee2 TO\u00c0N DI\u1ec6N en charge de votre solution IoT CHO GI\u1ea2I PH\u00c1P IOT C\u1ee6A B\u1ea0N Un projet IoT ne se limite pas \u00e0 la conception et \u00e0 la cr\u00e9ation d\u2019un produit. Apr\u00e8s l\u2019industrialisation, puis le d\u00e9ploiement des \u00e9quipements sur le terrain, commence la phase d\u2019exploitation, qui va perdurer tout au [&hellip;]\" \/>\n<meta property=\"og:url\" content=\"https:\/\/dfm-iot.com\/index.php\/strategie-s2-une-solution-globale\/\" \/>\n<meta property=\"og:site_name\" content=\"DFM IOT\" \/>\n<meta property=\"article:modified_time\" content=\"2024-08-01T07:11:47+00:00\" \/>\n<meta property=\"og:image\" content=\"https:\/\/dfm-iot.com\/wp-content\/uploads\/2023\/12\/calcul-1.png\" \/>\n<meta name=\"twitter:card\" content=\"summary_large_image\" \/>\n<meta name=\"twitter:label1\" content=\"Est. reading time\" \/>\n\t<meta name=\"twitter:data1\" content=\"3 minutes\" \/>\n<script type=\"application\/ld+json\" class=\"yoast-schema-graph\">{\"@context\":\"https:\/\/schema.org\",\"@graph\":[{\"@type\":\"WebPage\",\"@id\":\"https:\/\/dfm-iot.com\/index.php\/strategie-s2-une-solution-globale\/\",\"url\":\"https:\/\/dfm-iot.com\/index.php\/strategie-s2-une-solution-globale\/\",\"name\":\"Strat\u00e9gie S2 : une solution globale - DFM IOT\",\"isPartOf\":{\"@id\":\"https:\/\/dfm-iot.com\/#website\"},\"primaryImageOfPage\":{\"@id\":\"https:\/\/dfm-iot.com\/index.php\/strategie-s2-une-solution-globale\/#primaryimage\"},\"image\":{\"@id\":\"https:\/\/dfm-iot.com\/index.php\/strategie-s2-une-solution-globale\/#primaryimage\"},\"thumbnailUrl\":\"https:\/\/dfm-iot.com\/wp-content\/uploads\/2023\/12\/calcul-1.png\",\"datePublished\":\"2023-12-01T03:46:06+00:00\",\"dateModified\":\"2024-08-01T07:11:47+00:00\",\"breadcrumb\":{\"@id\":\"https:\/\/dfm-iot.com\/index.php\/strategie-s2-une-solution-globale\/#breadcrumb\"},\"inLanguage\":\"en-US\",\"potentialAction\":[{\"@type\":\"ReadAction\",\"target\":[\"https:\/\/dfm-iot.com\/index.php\/strategie-s2-une-solution-globale\/\"]}]},{\"@type\":\"ImageObject\",\"inLanguage\":\"en-US\",\"@id\":\"https:\/\/dfm-iot.com\/index.php\/strategie-s2-une-solution-globale\/#primaryimage\",\"url\":\"https:\/\/dfm-iot.com\/wp-content\/uploads\/2023\/12\/calcul-1.png\",\"contentUrl\":\"https:\/\/dfm-iot.com\/wp-content\/uploads\/2023\/12\/calcul-1.png\",\"width\":515,\"height\":380},{\"@type\":\"BreadcrumbList\",\"@id\":\"https:\/\/dfm-iot.com\/index.php\/strategie-s2-une-solution-globale\/#breadcrumb\",\"itemListElement\":[{\"@type\":\"ListItem\",\"position\":1,\"name\":\"Home\",\"item\":\"https:\/\/dfm-iot.com\/\"},{\"@type\":\"ListItem\",\"position\":2,\"name\":\"Strat\u00e9gie S2 : une solution globale\"}]},{\"@type\":\"WebSite\",\"@id\":\"https:\/\/dfm-iot.com\/#website\",\"url\":\"https:\/\/dfm-iot.com\/\",\"name\":\"DFM IOT\",\"description\":\"\",\"publisher\":{\"@id\":\"https:\/\/dfm-iot.com\/#organization\"},\"potentialAction\":[{\"@type\":\"SearchAction\",\"target\":{\"@type\":\"EntryPoint\",\"urlTemplate\":\"https:\/\/dfm-iot.com\/?s={search_term_string}\"},\"query-input\":{\"@type\":\"PropertyValueSpecification\",\"valueRequired\":true,\"valueName\":\"search_term_string\"}}],\"inLanguage\":\"en-US\"},{\"@type\":\"Organization\",\"@id\":\"https:\/\/dfm-iot.com\/#organization\",\"name\":\"DFM IOT\",\"url\":\"https:\/\/dfm-iot.com\/\",\"logo\":{\"@type\":\"ImageObject\",\"inLanguage\":\"en-US\",\"@id\":\"https:\/\/dfm-iot.com\/#\/schema\/logo\/image\/\",\"url\":\"https:\/\/dfm-iot.com\/wp-content\/uploads\/2023\/11\/Logo_Europe_White-2.png\",\"contentUrl\":\"https:\/\/dfm-iot.com\/wp-content\/uploads\/2023\/11\/Logo_Europe_White-2.png\",\"width\":217,\"height\":50,\"caption\":\"DFM IOT\"},\"image\":{\"@id\":\"https:\/\/dfm-iot.com\/#\/schema\/logo\/image\/\"}}]}<\/script>\n<!-- \/ Yoast SEO plugin. -->","yoast_head_json":{"title":"Strat\u00e9gie S2 : une solution globale - DFM IOT","robots":{"index":"index","follow":"follow","max-snippet":"max-snippet:-1","max-image-preview":"max-image-preview:large","max-video-preview":"max-video-preview:-1"},"canonical":"https:\/\/dfm-iot.com\/index.php\/strategie-s2-une-solution-globale\/","og_locale":"en_US","og_type":"article","og_title":"Strat\u00e9gie S2 : une solution globale - DFM IOT","og_description":"Une compl\u00e8te prise S\u1ef0 H\u1ed6 TR\u1ee2 TO\u00c0N DI\u1ec6N en charge de votre solution IoT CHO GI\u1ea2I PH\u00c1P IOT C\u1ee6A B\u1ea0N Un projet IoT ne se limite pas \u00e0 la conception et \u00e0 la cr\u00e9ation d\u2019un produit. Apr\u00e8s l\u2019industrialisation, puis le d\u00e9ploiement des \u00e9quipements sur le terrain, commence la phase d\u2019exploitation, qui va perdurer tout au [&hellip;]","og_url":"https:\/\/dfm-iot.com\/index.php\/strategie-s2-une-solution-globale\/","og_site_name":"DFM IOT","article_modified_time":"2024-08-01T07:11:47+00:00","og_image":[{"url":"https:\/\/dfm-iot.com\/wp-content\/uploads\/2023\/12\/calcul-1.png","type":"","width":"","height":""}],"twitter_card":"summary_large_image","twitter_misc":{"Est. reading time":"3 minutes"},"schema":{"@context":"https:\/\/schema.org","@graph":[{"@type":"WebPage","@id":"https:\/\/dfm-iot.com\/index.php\/strategie-s2-une-solution-globale\/","url":"https:\/\/dfm-iot.com\/index.php\/strategie-s2-une-solution-globale\/","name":"Strat\u00e9gie S2 : une solution globale - DFM IOT","isPartOf":{"@id":"https:\/\/dfm-iot.com\/#website"},"primaryImageOfPage":{"@id":"https:\/\/dfm-iot.com\/index.php\/strategie-s2-une-solution-globale\/#primaryimage"},"image":{"@id":"https:\/\/dfm-iot.com\/index.php\/strategie-s2-une-solution-globale\/#primaryimage"},"thumbnailUrl":"https:\/\/dfm-iot.com\/wp-content\/uploads\/2023\/12\/calcul-1.png","datePublished":"2023-12-01T03:46:06+00:00","dateModified":"2024-08-01T07:11:47+00:00","breadcrumb":{"@id":"https:\/\/dfm-iot.com\/index.php\/strategie-s2-une-solution-globale\/#breadcrumb"},"inLanguage":"en-US","potentialAction":[{"@type":"ReadAction","target":["https:\/\/dfm-iot.com\/index.php\/strategie-s2-une-solution-globale\/"]}]},{"@type":"ImageObject","inLanguage":"en-US","@id":"https:\/\/dfm-iot.com\/index.php\/strategie-s2-une-solution-globale\/#primaryimage","url":"https:\/\/dfm-iot.com\/wp-content\/uploads\/2023\/12\/calcul-1.png","contentUrl":"https:\/\/dfm-iot.com\/wp-content\/uploads\/2023\/12\/calcul-1.png","width":515,"height":380},{"@type":"BreadcrumbList","@id":"https:\/\/dfm-iot.com\/index.php\/strategie-s2-une-solution-globale\/#breadcrumb","itemListElement":[{"@type":"ListItem","position":1,"name":"Home","item":"https:\/\/dfm-iot.com\/"},{"@type":"ListItem","position":2,"name":"Strat\u00e9gie S2 : une solution globale"}]},{"@type":"WebSite","@id":"https:\/\/dfm-iot.com\/#website","url":"https:\/\/dfm-iot.com\/","name":"DFM IOT","description":"","publisher":{"@id":"https:\/\/dfm-iot.com\/#organization"},"potentialAction":[{"@type":"SearchAction","target":{"@type":"EntryPoint","urlTemplate":"https:\/\/dfm-iot.com\/?s={search_term_string}"},"query-input":{"@type":"PropertyValueSpecification","valueRequired":true,"valueName":"search_term_string"}}],"inLanguage":"en-US"},{"@type":"Organization","@id":"https:\/\/dfm-iot.com\/#organization","name":"DFM IOT","url":"https:\/\/dfm-iot.com\/","logo":{"@type":"ImageObject","inLanguage":"en-US","@id":"https:\/\/dfm-iot.com\/#\/schema\/logo\/image\/","url":"https:\/\/dfm-iot.com\/wp-content\/uploads\/2023\/11\/Logo_Europe_White-2.png","contentUrl":"https:\/\/dfm-iot.com\/wp-content\/uploads\/2023\/11\/Logo_Europe_White-2.png","width":217,"height":50,"caption":"DFM IOT"},"image":{"@id":"https:\/\/dfm-iot.com\/#\/schema\/logo\/image\/"}}]}},"_links":{"self":[{"href":"https:\/\/dfm-iot.com\/index.php\/wp-json\/wp\/v2\/pages\/622","targetHints":{"allow":["GET"]}}],"collection":[{"href":"https:\/\/dfm-iot.com\/index.php\/wp-json\/wp\/v2\/pages"}],"about":[{"href":"https:\/\/dfm-iot.com\/index.php\/wp-json\/wp\/v2\/types\/page"}],"author":[{"embeddable":true,"href":"https:\/\/dfm-iot.com\/index.php\/wp-json\/wp\/v2\/users\/2"}],"replies":[{"embeddable":true,"href":"https:\/\/dfm-iot.com\/index.php\/wp-json\/wp\/v2\/comments?post=622"}],"version-history":[{"count":73,"href":"https:\/\/dfm-iot.com\/index.php\/wp-json\/wp\/v2\/pages\/622\/revisions"}],"predecessor-version":[{"id":4497,"href":"https:\/\/dfm-iot.com\/index.php\/wp-json\/wp\/v2\/pages\/622\/revisions\/4497"}],"wp:attachment":[{"href":"https:\/\/dfm-iot.com\/index.php\/wp-json\/wp\/v2\/media?parent=622"}],"curies":[{"name":"wp","href":"https:\/\/api.w.org\/{rel}","templated":true}]}}